{"id":4637,"date":"2024-08-27T06:48:34","date_gmt":"2024-08-27T06:48:34","guid":{"rendered":"https:\/\/viac.hofmann.solutions\/?page_id=4637"},"modified":"2025-02-19T13:51:45","modified_gmt":"2025-02-19T13:51:45","slug":"model-clause-for-trusts","status":"publish","type":"page","link":"https:\/\/www.viac.eu\/en\/arbitration-basics\/arbitration-clauses\/model-clause-for-trusts\/","title":{"rendered":"Model Clause for Trusts"},"content":{"rendered":"<p>[et_pb_section fb_built=&#8221;1&#8243; _builder_version=&#8221;4.27.0&#8243; _module_preset=&#8221;default&#8221; background_enable_color=&#8221;off&#8221; use_background_color_gradient=&#8221;on&#8221; background_color_gradient_direction=&#8221;90deg&#8221; background_color_gradient_stops=&#8221;#ffffff 0%|#ffffff 17%|rgba(112,112,112,0.3) 17%|rgba(112,112,112,0.3) 100%&#8221; background_color_gradient_overlays_image=&#8221;on&#8221; background_image=&#8221;https:\/\/www.viac.eu\/wp-content\/uploads\/2024\/08\/AdobeStock_180711262-scaled.jpeg&#8221; background_position=&#8221;top_left&#8221; background_horizontal_offset=&#8221;0%&#8221; background_vertical_offset=&#8221;67%&#8221; custom_padding=&#8221;||174px||false|false&#8221; global_colors_info=&#8221;{}&#8221;][et_pb_row _builder_version=&#8221;4.27.0&#8243; _module_preset=&#8221;default&#8221; background_color=&#8221;#ffffff&#8221; max_width=&#8221;45%&#8221; custom_margin=&#8221;215px|auto||0px|false|false&#8221; custom_padding=&#8221;|100px||100px|false|true&#8221; global_colors_info=&#8221;{}&#8221;][et_pb_column type=&#8221;4_4&#8243; _builder_version=&#8221;4.24.3&#8243; _module_preset=&#8221;default&#8221; global_colors_info=&#8221;{}&#8221;][et_pb_text _builder_version=&#8221;4.27.3&#8243; _module_preset=&#8221;default&#8221; text_text_color=&#8221;#0B0B0B&#8221; header_font=&#8221;|700|||||||&#8221; header_text_align=&#8221;left&#8221; header_text_color=&#8221;#0B0B0B&#8221; global_colors_info=&#8221;{}&#8221;]<\/p>\n<h1>Musterklausel f\u00fcr Stiftungen und Trusts<\/h1>\n<p>[\/et_pb_text][\/et_pb_column][\/et_pb_row][\/et_pb_section][et_pb_section fb_built=&#8221;1&#8243; _builder_version=&#8221;4.27.0&#8243; _module_preset=&#8221;default&#8221; global_colors_info=&#8221;{}&#8221;][et_pb_row _builder_version=&#8221;4.27.0&#8243; _module_preset=&#8221;default&#8221; global_colors_info=&#8221;{}&#8221;][et_pb_column type=&#8221;4_4&#8243; _builder_version=&#8221;4.27.0&#8243; _module_preset=&#8221;default&#8221; global_colors_info=&#8221;{}&#8221;][et_pb_text _builder_version=&#8221;4.27.3&#8243; _module_preset=&#8221;default&#8221; hover_enabled=&#8221;0&#8243; global_colors_info=&#8221;{}&#8221; sticky_enabled=&#8221;0&#8243;]Wenn der Stifter eine stiftungsrechtliche Streitigkeit einem Schiedsverfahren nach den Wiener Regeln unterwerfen will, kann der Stifter in der Stiftungsurkunde eine Schiedsklausel in der folgenden Form aufnehmen:<\/p>\n<p><em>Alle Streitigkeiten im Zusammenhang mit der Stiftung sind unter Ausschluss der ordentlichen Gerichtsbarkeit nach der Schiedsordnung (Wiener Regeln) der Internationalen Schiedsinstitution der Wirtschaftskammer \u00d6sterreich (VIAC) durch ein aus drei Schiedsrichtern gebildetes Schiedsgericht abschlie\u00dfend zu entscheiden. Der Sitz des Schiedsgerichts ist am Sitz der Stiftung.<\/em><\/p>\n<p><em>Der Zust\u00e4ndigkeit dieses Schiedsgerichts unterliegen insbesondere Streitigkeiten zwischen Mitgliedern von Stiftungsorganen und diesem Organ, mit anderen Organen oder mit der Stiftung selbst. Dar\u00fcber hinaus ist dieses Schiedsgericht auch f\u00fcr Streitigkeiten zwischen der Stiftung, deren Organen, den Stiftern und den Beg\u00fcnstigten, f\u00fcr Streitigkeiten unter mehreren Stiftern sowie Beg\u00fcnstigten sowie f\u00fcr Streitigkeiten unter den Mitgliedern eines Stiftungsorgans zust\u00e4ndig, sofern sich Letztere der Schiedsklausel unterwerfen.<\/em><\/p>\n<p><em>Zuwendungen durch die Stiftung sind daher mit der Unterwerfung unter diese Schiedsklausel bedingt.<\/em><\/p>\n<p><span style=\"color: #c10525;\">Der Stifter kann in der Schiedsklausel auch Folgendes aufnehmen:<\/span><br \/>\n<span style=\"color: #c10525;\">(1)<\/span> die im Schiedsverfahren zu verwendende(n) Sprache(n) (Art 26 Wiener Regeln);<\/p>\n<p><span style=\"color: #c10525;\">(2)<\/span> das auf die stiftungsrechtliche Streitigkeiten anwendbare Recht und das auf die Schiedsvereinbarung anwendbare materielle Recht (nach Art 27 Wiener Regeln);<\/p>\n<p><span style=\"color: #c10525;\">(3)<\/span> die Ausgestaltung der Vertraulichkeitsbestimmung f\u00fcr Schiedsrichter (Art 16 Abs 2 Wiener Regeln) sowie deren Ausdehnung auf Parteien, Bevollm\u00e4chtigte und Sachverst\u00e4ndige.<\/p>\n<p>Dazu k\u00f6nnte noch folgender Passus eingef\u00fcgt werden:<\/p>\n<p><em>Jeder Schiedsspruch bzw. jeder zwischen den Parteien erlangte Vergleich, auch ein Schiedsvergleich, ist vertraulich zu behandeln und daher keiner dritten Person offenzulegen. Davon ausgenommen sind Offenlegungen, die sich aufgrund besonderer gesetzlicher Verpflichtungen ergeben oder wenn es zur Vollstreckung des Schiedsspruchs zugunsten des Stiftungsverm\u00f6gens notwendig ist.<\/em>[\/et_pb_text][\/et_pb_column][\/et_pb_row][\/et_pb_section]<\/p>\n","protected":false},"excerpt":{"rendered":"<p>Musterklausel f\u00fcr Stiftungen und Trusts Wenn der Stifter eine stiftungsrechtliche Streitigkeit einem Schiedsverfahren nach den Wiener Regeln unterwerfen will, kann der Stifter in der Stiftungsurkunde eine Schiedsklausel in der folgenden Form aufnehmen: Alle Streitigkeiten im Zusammenhang mit der Stiftung sind unter Ausschluss der ordentlichen Gerichtsbarkeit nach der Schiedsordnung (Wiener Regeln) der Internationalen Schiedsinstitution der Wirtschaftskammer \u00d6sterreich (VIAC) durch ein aus drei Schiedsrichtern gebildetes Schiedsgericht abschlie\u00dfend zu entscheiden. Der Sitz des Schiedsgerichts ist am Sitz der Stiftung. Der Zust\u00e4ndigkeit dieses Schiedsgerichts unterliegen insbesondere Streitigkeiten zwischen Mitgliedern von Stiftungsorganen und diesem Organ, mit anderen Organen oder mit der Stiftung selbst. Dar\u00fcber hinaus ist dieses Schiedsgericht auch f\u00fcr Streitigkeiten zwischen der Stiftung, deren Organen, den Stiftern und den Beg\u00fcnstigten, f\u00fcr Streitigkeiten unter mehreren Stiftern sowie Beg\u00fcnstigten sowie f\u00fcr Streitigkeiten unter den Mitgliedern eines Stiftungsorgans zust\u00e4ndig, sofern sich Letztere der Schiedsklausel unterwerfen. Zuwendungen durch die Stiftung sind daher mit der Unterwerfung unter diese Schiedsklausel bedingt. Der Stifter kann in der Schiedsklausel auch Folgendes aufnehmen: (1) die im Schiedsverfahren zu verwendende(n) Sprache(n) (Art 26 Wiener Regeln); (2) das auf die stiftungsrechtliche Streitigkeiten anwendbare Recht und das auf die Schiedsvereinbarung anwendbare materielle Recht (nach Art 27 Wiener Regeln); (3) die Ausgestaltung der Vertraulichkeitsbestimmung f\u00fcr Schiedsrichter (Art [&hellip;]<\/p>\n","protected":false},"author":1,"featured_media":0,"parent":1042,"menu_order":0,"comment_status":"closed","ping_status":"closed","template":"","meta":{"_acf_changed":false,"_et_pb_use_builder":"on","_et_pb_old_content":"[et_pb_section fb_built=\"1\" _builder_version=\"4.27.0\" _module_preset=\"default\" background_enable_color=\"off\" use_background_color_gradient=\"on\" background_color_gradient_direction=\"90deg\" background_color_gradient_stops=\"#ffffff 0%|#ffffff 17%|rgba(112,112,112,0.3) 17%|rgba(112,112,112,0.3) 100%\" background_color_gradient_overlays_image=\"on\" background_image=\"https:\/\/www.viac.eu\/wp-content\/uploads\/2024\/08\/AdobeStock_180711262-scaled.jpeg\" background_position=\"top_left\" background_horizontal_offset=\"0%\" background_vertical_offset=\"67%\" custom_padding=\"||174px||false|false\" global_colors_info=\"{}\"][et_pb_row _builder_version=\"4.27.0\" _module_preset=\"default\" background_color=\"#ffffff\" max_width=\"45%\" custom_margin=\"215px|auto||0px|false|false\" custom_padding=\"|100px||100px|false|true\" global_colors_info=\"{}\"][et_pb_column type=\"4_4\" _builder_version=\"4.24.3\" _module_preset=\"default\" global_colors_info=\"{}\"][et_pb_text _builder_version=\"4.27.3\" _module_preset=\"default\" text_text_color=\"#0B0B0B\" header_font=\"|700|||||||\" header_text_align=\"left\" header_text_color=\"#0B0B0B\" global_colors_info=\"{}\"]\n<h1>Musterklausel f\u00fcr Stiftungen und Trusts<\/h1>\n[\/et_pb_text][\/et_pb_column][\/et_pb_row][\/et_pb_section][et_pb_section fb_built=\"1\" _builder_version=\"4.27.0\" _module_preset=\"default\" global_colors_info=\"{}\"][et_pb_row _builder_version=\"4.27.0\" _module_preset=\"default\" global_colors_info=\"{}\"][et_pb_column type=\"4_4\" _builder_version=\"4.27.0\" _module_preset=\"default\" global_colors_info=\"{}\"][et_pb_text _builder_version=\"4.27.3\" _module_preset=\"default\" hover_enabled=\"0\" global_colors_info=\"{}\" sticky_enabled=\"0\"]Wenn der Stifter eine stiftungsrechtliche Streitigkeit einem Schiedsverfahren nach den Wiener Regeln unterwerfen will, kann der Stifter in der Stiftungsurkunde eine Schiedsklausel in der folgenden Form aufnehmen:\n\n<em>Alle Streitigkeiten im Zusammenhang mit der Stiftung sind unter Ausschluss der ordentlichen Gerichtsbarkeit nach der Schiedsordnung (Wiener Regeln) der Internationalen Schiedsinstitution der Wirtschaftskammer \u00d6sterreich (VIAC) durch ein aus drei Schiedsrichtern gebildetes Schiedsgericht abschlie\u00dfend zu entscheiden. Der Sitz des Schiedsgerichts ist am Sitz der Stiftung.<\/em>\n\n<em>Der Zust\u00e4ndigkeit dieses Schiedsgerichts unterliegen insbesondere Streitigkeiten zwischen Mitgliedern von Stiftungsorganen und diesem Organ, mit anderen Organen oder mit der Stiftung selbst. Dar\u00fcber hinaus ist dieses Schiedsgericht auch f\u00fcr Streitigkeiten zwischen der Stiftung, deren Organen, den Stiftern und den Beg\u00fcnstigten, f\u00fcr Streitigkeiten unter mehreren Stiftern sowie Beg\u00fcnstigten sowie f\u00fcr Streitigkeiten unter den Mitgliedern eines Stiftungsorgans zust\u00e4ndig, sofern sich Letztere der Schiedsklausel unterwerfen.<\/em>\n\n<em>Zuwendungen durch die Stiftung sind daher mit der Unterwerfung unter diese Schiedsklausel bedingt.<\/em>\n\n<span style=\"color: #c10525;\">Der Stifter kann in der Schiedsklausel auch Folgendes aufnehmen:<\/span>\n<span style=\"color: #c10525;\">(1)<\/span> die im Schiedsverfahren zu verwendende(n) Sprache(n) (Art 26 Wiener Regeln);\n\n<span style=\"color: #c10525;\">(2)<\/span> das auf die stiftungsrechtliche Streitigkeiten anwendbare Recht und das auf die Schiedsvereinbarung anwendbare materielle Recht (nach Art 27 Wiener Regeln);\n\n<span style=\"color: #c10525;\">(3)<\/span> die Ausgestaltung der Vertraulichkeitsbestimmung f\u00fcr Schiedsrichter (Art 16 Abs 2 Wiener Regeln) sowie deren Ausdehnung auf Parteien, Bevollm\u00e4chtigte und Sachverst\u00e4ndige.\n\nDazu k\u00f6nnte noch folgender Passus eingef\u00fcgt werden:\n\n<em>Jeder Schiedsspruch bzw. jeder zwischen den Parteien erlangte Vergleich, auch ein Schiedsvergleich, ist vertraulich zu behandeln und daher keiner dritten Person offenzulegen. Davon ausgenommen sind Offenlegungen, die sich aufgrund besonderer gesetzlicher Verpflichtungen ergeben oder wenn es zur Vollstreckung des Schiedsspruchs zugunsten des Stiftungsverm\u00f6gens notwendig ist.<\/em>[\/et_pb_text][\/et_pb_column][\/et_pb_row][\/et_pb_section]","_et_gb_content_width":"","ngg_post_thumbnail":0,"footnotes":""},"class_list":["post-4637","page","type-page","status-publish","hentry"],"acf":[],"_links":{"self":[{"href":"https:\/\/www.viac.eu\/en\/wp-json\/wp\/v2\/pages\/4637","targetHints":{"allow":["GET"]}}],"collection":[{"href":"https:\/\/www.viac.eu\/en\/wp-json\/wp\/v2\/pages"}],"about":[{"href":"https:\/\/www.viac.eu\/en\/wp-json\/wp\/v2\/types\/page"}],"author":[{"embeddable":true,"href":"https:\/\/www.viac.eu\/en\/wp-json\/wp\/v2\/users\/1"}],"replies":[{"embeddable":true,"href":"https:\/\/www.viac.eu\/en\/wp-json\/wp\/v2\/comments?post=4637"}],"version-history":[{"count":4,"href":"https:\/\/www.viac.eu\/en\/wp-json\/wp\/v2\/pages\/4637\/revisions"}],"predecessor-version":[{"id":4641,"href":"https:\/\/www.viac.eu\/en\/wp-json\/wp\/v2\/pages\/4637\/revisions\/4641"}],"up":[{"embeddable":true,"href":"https:\/\/www.viac.eu\/en\/wp-json\/wp\/v2\/pages\/1042"}],"wp:attachment":[{"href":"https:\/\/www.viac.eu\/en\/wp-json\/wp\/v2\/media?parent=4637"}],"curies":[{"name":"wp","href":"https:\/\/api.w.org\/{rel}","templated":true}]}}