{"id":4632,"date":"2024-08-27T06:49:36","date_gmt":"2024-08-27T06:49:36","guid":{"rendered":"https:\/\/viac.hofmann.solutions\/?page_id=4632"},"modified":"2025-02-19T13:50:59","modified_gmt":"2025-02-19T13:50:59","slug":"musterklausel-fur-die-streitbeilegung-in-familienverfassungen","status":"publish","type":"page","link":"https:\/\/www.viac.eu\/en\/arbitration-basics\/arbitration-clauses\/musterklausel-fur-die-streitbeilegung-in-familienverfassungen\/","title":{"rendered":"Musterklausel f\u00fcr die Streitbeilegung in Familienverfassungen"},"content":{"rendered":"<p>[et_pb_section fb_built=&#8221;1&#8243; _builder_version=&#8221;4.27.0&#8243; _module_preset=&#8221;default&#8221; background_enable_color=&#8221;off&#8221; use_background_color_gradient=&#8221;on&#8221; background_color_gradient_direction=&#8221;90deg&#8221; background_color_gradient_stops=&#8221;#ffffff 0%|#ffffff 17%|rgba(112,112,112,0.3) 17%|rgba(112,112,112,0.3) 100%&#8221; background_color_gradient_overlays_image=&#8221;on&#8221; background_image=&#8221;https:\/\/www.viac.eu\/wp-content\/uploads\/2024\/08\/AdobeStock_180711262-scaled.jpeg&#8221; background_position=&#8221;top_left&#8221; background_horizontal_offset=&#8221;0%&#8221; background_vertical_offset=&#8221;67%&#8221; custom_padding=&#8221;||174px||false|false&#8221; global_colors_info=&#8221;{}&#8221;][et_pb_row _builder_version=&#8221;4.27.0&#8243; _module_preset=&#8221;default&#8221; background_color=&#8221;#ffffff&#8221; max_width=&#8221;45%&#8221; custom_margin=&#8221;215px|auto||0px|false|false&#8221; custom_padding=&#8221;|100px||100px|false|true&#8221; global_colors_info=&#8221;{}&#8221;][et_pb_column type=&#8221;4_4&#8243; _builder_version=&#8221;4.24.3&#8243; _module_preset=&#8221;default&#8221; global_colors_info=&#8221;{}&#8221;][et_pb_text _builder_version=&#8221;4.27.3&#8243; _module_preset=&#8221;default&#8221; text_text_color=&#8221;#0B0B0B&#8221; header_font=&#8221;|700|||||||&#8221; header_text_align=&#8221;left&#8221; header_text_color=&#8221;#0B0B0B&#8221; global_colors_info=&#8221;{}&#8221;]<\/p>\n<h1>Musterklausel f\u00fcr die Streitbeilegung in Familienverfassungen<\/h1>\n<p>[\/et_pb_text][\/et_pb_column][\/et_pb_row][\/et_pb_section][et_pb_section fb_built=&#8221;1&#8243; _builder_version=&#8221;4.27.0&#8243; _module_preset=&#8221;default&#8221; global_colors_info=&#8221;{}&#8221;][et_pb_row _builder_version=&#8221;4.27.0&#8243; _module_preset=&#8221;default&#8221; global_colors_info=&#8221;{}&#8221;][et_pb_column type=&#8221;4_4&#8243; _builder_version=&#8221;4.27.0&#8243; _module_preset=&#8221;default&#8221; global_colors_info=&#8221;{}&#8221;][et_pb_text _builder_version=&#8221;4.27.3&#8243; _module_preset=&#8221;default&#8221; hover_enabled=&#8221;0&#8243; global_colors_info=&#8221;{}&#8221; sticky_enabled=&#8221;0&#8243;]<\/p>\n<p>In die Familienverfassung kann eine Streitbeilegungsklausel in der folgenden Form aufgenommen werden:<\/p>\n<h6><strong>1. Einvernehmliche Beilegung<\/strong><\/h6>\n<p><em>Konflikte, die zwischen Familienmitgliedern auftreten und einen von dieser Familienverfassung geregelten Bereich betreffen, sollen zun\u00e4chst von den Beteiligten einvernehmlich beigelegt werden. Dabei ist auf einen respektvollen Umgang miteinander und auf ein ehrliches und konstruktives Bem\u00fchen um L\u00f6sungen zu achten. Gegebenenfalls kann auch der Familienrat zum Zweck der Vermittlung eingeschaltet werden.<\/em><\/p>\n<h6><strong>2. Optionales Mediationsverfahren<\/strong><\/h6>\n<p><em>Unbeschadet von Abs 1 ist jede Person, die im Sinne der Familienverfassung ein Familienmitglied ist, berechtigt, ein Mediationsverfahren nach der Mediationsordnung (\u201eWiener Mediationsregeln\u201c) der Internationalen Schiedsinstitution der Wirtschaftskammer \u00d6sterreich einzuleiten. Dies gilt auch f\u00fcr Streitigkeiten \u00fcber die G\u00fcltigkeit, Verletzung, Aufl\u00f6sung oder Nichtigkeit der vorliegenden Familienverfassung. Anfang und Fortlauf der Verj\u00e4hrung sowie sonstiger Fristen zur Geltendmachung der von der Mediation betroffenen Rechte sind nach Ma\u00dfgabe des auf diese Rechte anwendbaren Rechts f\u00fcr die Dauer des Mediationsverfahrens gehemmt, sofern das Verfahren geh\u00f6rig fortgesetzt wird.<\/em><\/p>\n<h6><strong>3. (Nachgeschaltetes) Schiedsverfahren<\/strong><\/h6>\n<p><em>Werden innerhalb einer Frist von 60 Tagen ab Einleitung des Verfahrens nach den Wiener Mediationsregeln die Streitigkeiten nicht g\u00fctlich beigelegt oder die Anspr\u00fcche nicht gekl\u00e4rt, werden sie nach der Schiedsordnung (\u201eWiener Regeln\u201c) des VIAC von einem oder drei gem\u00e4\u00df diesen Regeln bestellten Schiedsrichtern endg\u00fcltig entschieden.<\/em><\/p>\n<p><em>Der Sitz des Schiedsgerichts ist [\u2026].<\/em><\/p>\n<p><em>Die Sprache des Schiedsverfahrens ist [&#8230;].<\/em><\/p>\n<p><em>Das auf das Vertragsverh\u00e4ltnis anwendbare materielle Recht, sowie das auf die Schiedsvereinbarung anwendbare Recht ist das Recht der Republik \u00d6sterreich unter Ausschluss der Kollisionsnormen.<\/em><\/p>\n<p><span style=\"color: #c10525;\">Folgende m\u00f6gliche erg\u00e4nzende Vereinbarungen k\u00f6nnen f\u00fcr die Streitbeilegungsklausel getroffen werden:<\/span><br \/>\n<span style=\"color: #c10525;\">(1)<\/span>\u00a0 Regelung, in welcher Sprache (welchen Sprachen) das Mediationsverfahren durchgef\u00fchrt wird (insbesondere bei mehrsprachigen Familien);<\/p>\n<p><span style=\"color: #c10525;\">(2)<\/span>\u00a0 Bestimmung des Orts, an dem das Mediationsverfahren durchgef\u00fchrt wird;<\/p>\n<p><span style=\"color: #c10525;\">(3)<\/span>\u00a0 Bestimmung des auf die Mediationsvereinbarung anwendbaren Rechts;<\/p>\n<p><span style=\"color: #c10525;\">(4)<\/span>\u00a0 Regelung einer abweichenden Frist zur Einleitung eines Schiedsverfahrens;<\/p>\n<p><span style=\"color: #c10525;\">(5)<\/span>\u00a0 Regelung, wonach die Verj\u00e4hrung von allf\u00e4lligen Anspr\u00fcchen w\u00e4hrend der Versuche, den Konflikt einvernehmlich zu l\u00f6sen bzw. w\u00e4hrend des Mediationsverfahrens gehemmt ist.<\/p>\n<p>[\/et_pb_text][\/et_pb_column][\/et_pb_row][\/et_pb_section]<\/p>\n","protected":false},"excerpt":{"rendered":"<p>Musterklausel f\u00fcr die Streitbeilegung in Familienverfassungen In die Familienverfassung kann eine Streitbeilegungsklausel in der folgenden Form aufgenommen werden: 1. Einvernehmliche Beilegung Konflikte, die zwischen Familienmitgliedern auftreten und einen von dieser Familienverfassung geregelten Bereich betreffen, sollen zun\u00e4chst von den Beteiligten einvernehmlich beigelegt werden. Dabei ist auf einen respektvollen Umgang miteinander und auf ein ehrliches und konstruktives Bem\u00fchen um L\u00f6sungen zu achten. Gegebenenfalls kann auch der Familienrat zum Zweck der Vermittlung eingeschaltet werden. 2. Optionales Mediationsverfahren Unbeschadet von Abs 1 ist jede Person, die im Sinne der Familienverfassung ein Familienmitglied ist, berechtigt, ein Mediationsverfahren nach der Mediationsordnung (\u201eWiener Mediationsregeln\u201c) der Internationalen Schiedsinstitution der Wirtschaftskammer \u00d6sterreich einzuleiten. Dies gilt auch f\u00fcr Streitigkeiten \u00fcber die G\u00fcltigkeit, Verletzung, Aufl\u00f6sung oder Nichtigkeit der vorliegenden Familienverfassung. Anfang und Fortlauf der Verj\u00e4hrung sowie sonstiger Fristen zur Geltendmachung der von der Mediation betroffenen Rechte sind nach Ma\u00dfgabe des auf diese Rechte anwendbaren Rechts f\u00fcr die Dauer des Mediationsverfahrens gehemmt, sofern das Verfahren geh\u00f6rig fortgesetzt wird. 3. (Nachgeschaltetes) Schiedsverfahren Werden innerhalb einer Frist von 60 Tagen ab Einleitung des Verfahrens nach den Wiener Mediationsregeln die Streitigkeiten nicht g\u00fctlich beigelegt oder die Anspr\u00fcche nicht gekl\u00e4rt, werden sie nach der Schiedsordnung (\u201eWiener Regeln\u201c) des VIAC von einem oder drei gem\u00e4\u00df diesen Regeln [&hellip;]<\/p>\n","protected":false},"author":1,"featured_media":0,"parent":1042,"menu_order":0,"comment_status":"closed","ping_status":"closed","template":"","meta":{"_acf_changed":false,"_et_pb_use_builder":"on","_et_pb_old_content":"[et_pb_section fb_built=\"1\" _builder_version=\"4.27.0\" _module_preset=\"default\" background_enable_color=\"off\" use_background_color_gradient=\"on\" background_color_gradient_direction=\"90deg\" background_color_gradient_stops=\"#ffffff 0%|#ffffff 17%|rgba(112,112,112,0.3) 17%|rgba(112,112,112,0.3) 100%\" background_color_gradient_overlays_image=\"on\" background_image=\"https:\/\/www.viac.eu\/wp-content\/uploads\/2024\/08\/AdobeStock_180711262-scaled.jpeg\" background_position=\"top_left\" background_horizontal_offset=\"0%\" background_vertical_offset=\"67%\" custom_padding=\"||174px||false|false\" global_colors_info=\"{}\"][et_pb_row _builder_version=\"4.27.0\" _module_preset=\"default\" background_color=\"#ffffff\" max_width=\"45%\" custom_margin=\"215px|auto||0px|false|false\" custom_padding=\"|100px||100px|false|true\" global_colors_info=\"{}\"][et_pb_column type=\"4_4\" _builder_version=\"4.24.3\" _module_preset=\"default\" global_colors_info=\"{}\"][et_pb_text _builder_version=\"4.27.3\" _module_preset=\"default\" text_text_color=\"#0B0B0B\" header_font=\"|700|||||||\" header_text_align=\"left\" header_text_color=\"#0B0B0B\" global_colors_info=\"{}\"]\n<h1>Musterklausel f\u00fcr die Streitbeilegung in Familienverfassungen<\/h1>\n[\/et_pb_text][\/et_pb_column][\/et_pb_row][\/et_pb_section][et_pb_section fb_built=\"1\" _builder_version=\"4.27.0\" _module_preset=\"default\" global_colors_info=\"{}\"][et_pb_row _builder_version=\"4.27.0\" _module_preset=\"default\" global_colors_info=\"{}\"][et_pb_column type=\"4_4\" _builder_version=\"4.27.0\" _module_preset=\"default\" global_colors_info=\"{}\"][et_pb_text _builder_version=\"4.27.3\" _module_preset=\"default\" hover_enabled=\"0\" global_colors_info=\"{}\" sticky_enabled=\"0\"]\n\nIn die Familienverfassung kann eine Streitbeilegungsklausel in der folgenden Form aufgenommen werden:\n<h6><strong>1. Einvernehmliche Beilegung<\/strong><\/h6>\n<em>Konflikte, die zwischen Familienmitgliedern auftreten und einen von dieser Familienverfassung geregelten Bereich betreffen, sollen zun\u00e4chst von den Beteiligten einvernehmlich beigelegt werden. Dabei ist auf einen respektvollen Umgang miteinander und auf ein ehrliches und konstruktives Bem\u00fchen um L\u00f6sungen zu achten. Gegebenenfalls kann auch der Familienrat zum Zweck der Vermittlung eingeschaltet werden.<\/em>\n<h6><strong>2. Optionales Mediationsverfahren<\/strong><\/h6>\n<em>Unbeschadet von Abs 1 ist jede Person, die im Sinne der Familienverfassung ein Familienmitglied ist, berechtigt, ein Mediationsverfahren nach der Mediationsordnung (\u201eWiener Mediationsregeln\u201c) der Internationalen Schiedsinstitution der Wirtschaftskammer \u00d6sterreich einzuleiten. Dies gilt auch f\u00fcr Streitigkeiten \u00fcber die G\u00fcltigkeit, Verletzung, Aufl\u00f6sung oder Nichtigkeit der vorliegenden Familienverfassung. Anfang und Fortlauf der Verj\u00e4hrung sowie sonstiger Fristen zur Geltendmachung der von der Mediation betroffenen Rechte sind nach Ma\u00dfgabe des auf diese Rechte anwendbaren Rechts f\u00fcr die Dauer des Mediationsverfahrens gehemmt, sofern das Verfahren geh\u00f6rig fortgesetzt wird.<\/em>\n<h6><strong>3. (Nachgeschaltetes) Schiedsverfahren<\/strong><\/h6>\n<em>Werden innerhalb einer Frist von 60 Tagen ab Einleitung des Verfahrens nach den Wiener Mediationsregeln die Streitigkeiten nicht g\u00fctlich beigelegt oder die Anspr\u00fcche nicht gekl\u00e4rt, werden sie nach der Schiedsordnung (\u201eWiener Regeln\u201c) des VIAC von einem oder drei gem\u00e4\u00df diesen Regeln bestellten Schiedsrichtern endg\u00fcltig entschieden.<\/em>\n\n<em>Der Sitz des Schiedsgerichts ist [\u2026].<\/em>\n\n<em>Die Sprache des Schiedsverfahrens ist [...].<\/em>\n\n<em>Das auf das Vertragsverh\u00e4ltnis anwendbare materielle Recht, sowie das auf die Schiedsvereinbarung anwendbare Recht ist das Recht der Republik \u00d6sterreich unter Ausschluss der Kollisionsnormen.<\/em>\n\n<span style=\"color: #c10525;\">Folgende m\u00f6gliche erg\u00e4nzende Vereinbarungen k\u00f6nnen f\u00fcr die Streitbeilegungsklausel getroffen werden:<\/span>\n<span style=\"color: #c10525;\">(1)<\/span>\u00a0 Regelung, in welcher Sprache (welchen Sprachen) das Mediationsverfahren durchgef\u00fchrt wird (insbesondere bei mehrsprachigen Familien);\n\n<span style=\"color: #c10525;\">(2)<\/span>\u00a0 Bestimmung des Orts, an dem das Mediationsverfahren durchgef\u00fchrt wird;\n\n<span style=\"color: #c10525;\">(3)<\/span>\u00a0 Bestimmung des auf die Mediationsvereinbarung anwendbaren Rechts;\n\n<span style=\"color: #c10525;\">(4)<\/span>\u00a0 Regelung einer abweichenden Frist zur Einleitung eines Schiedsverfahrens;\n\n<span style=\"color: #c10525;\">(5)<\/span>\u00a0 Regelung, wonach die Verj\u00e4hrung von allf\u00e4lligen Anspr\u00fcchen w\u00e4hrend der Versuche, den Konflikt einvernehmlich zu l\u00f6sen bzw. w\u00e4hrend des Mediationsverfahrens gehemmt ist.\n\n[\/et_pb_text][\/et_pb_column][\/et_pb_row][\/et_pb_section]","_et_gb_content_width":"","ngg_post_thumbnail":0,"footnotes":""},"class_list":["post-4632","page","type-page","status-publish","hentry"],"acf":[],"_links":{"self":[{"href":"https:\/\/www.viac.eu\/en\/wp-json\/wp\/v2\/pages\/4632","targetHints":{"allow":["GET"]}}],"collection":[{"href":"https:\/\/www.viac.eu\/en\/wp-json\/wp\/v2\/pages"}],"about":[{"href":"https:\/\/www.viac.eu\/en\/wp-json\/wp\/v2\/types\/page"}],"author":[{"embeddable":true,"href":"https:\/\/www.viac.eu\/en\/wp-json\/wp\/v2\/users\/1"}],"replies":[{"embeddable":true,"href":"https:\/\/www.viac.eu\/en\/wp-json\/wp\/v2\/comments?post=4632"}],"version-history":[{"count":4,"href":"https:\/\/www.viac.eu\/en\/wp-json\/wp\/v2\/pages\/4632\/revisions"}],"predecessor-version":[{"id":4636,"href":"https:\/\/www.viac.eu\/en\/wp-json\/wp\/v2\/pages\/4632\/revisions\/4636"}],"up":[{"embeddable":true,"href":"https:\/\/www.viac.eu\/en\/wp-json\/wp\/v2\/pages\/1042"}],"wp:attachment":[{"href":"https:\/\/www.viac.eu\/en\/wp-json\/wp\/v2\/media?parent=4632"}],"curies":[{"name":"wp","href":"https:\/\/api.w.org\/{rel}","templated":true}]}}