{"id":4627,"date":"2024-08-27T06:50:56","date_gmt":"2024-08-27T06:50:56","guid":{"rendered":"https:\/\/viac.hofmann.solutions\/?page_id=4627"},"modified":"2025-02-19T13:50:24","modified_gmt":"2025-02-19T13:50:24","slug":"musterklausel-fur-familienunternehmen","status":"publish","type":"page","link":"https:\/\/www.viac.eu\/en\/arbitration-basics\/arbitration-clauses\/musterklausel-fur-familienunternehmen\/","title":{"rendered":"Musterklausel f\u00fcr Familienunternehmen"},"content":{"rendered":"<p>[et_pb_section fb_built=&#8221;1&#8243; _builder_version=&#8221;4.27.0&#8243; _module_preset=&#8221;default&#8221; background_enable_color=&#8221;off&#8221; use_background_color_gradient=&#8221;on&#8221; background_color_gradient_direction=&#8221;90deg&#8221; background_color_gradient_stops=&#8221;#ffffff 0%|#ffffff 17%|rgba(112,112,112,0.3) 17%|rgba(112,112,112,0.3) 100%&#8221; background_color_gradient_overlays_image=&#8221;on&#8221; background_image=&#8221;https:\/\/www.viac.eu\/wp-content\/uploads\/2024\/08\/AdobeStock_180711262-scaled.jpeg&#8221; background_position=&#8221;top_left&#8221; background_horizontal_offset=&#8221;0%&#8221; background_vertical_offset=&#8221;67%&#8221; custom_padding=&#8221;||174px||false|false&#8221; global_colors_info=&#8221;{}&#8221;][et_pb_row _builder_version=&#8221;4.27.0&#8243; _module_preset=&#8221;default&#8221; background_color=&#8221;#ffffff&#8221; max_width=&#8221;45%&#8221; custom_margin=&#8221;215px|auto||0px|false|false&#8221; custom_padding=&#8221;|100px||100px|false|true&#8221; global_colors_info=&#8221;{}&#8221;][et_pb_column type=&#8221;4_4&#8243; _builder_version=&#8221;4.24.3&#8243; _module_preset=&#8221;default&#8221; global_colors_info=&#8221;{}&#8221;][et_pb_text _builder_version=&#8221;4.27.3&#8243; _module_preset=&#8221;default&#8221; text_text_color=&#8221;#0B0B0B&#8221; header_font=&#8221;|700|||||||&#8221; header_text_align=&#8221;left&#8221; header_text_color=&#8221;#0B0B0B&#8221; global_colors_info=&#8221;{}&#8221;]<\/p>\n<h1>Musterklausel f\u00fcr Familienunternehmen<\/h1>\n<p>[\/et_pb_text][\/et_pb_column][\/et_pb_row][\/et_pb_section][et_pb_section fb_built=&#8221;1&#8243; _builder_version=&#8221;4.27.0&#8243; _module_preset=&#8221;default&#8221; global_colors_info=&#8221;{}&#8221;][et_pb_row _builder_version=&#8221;4.27.0&#8243; _module_preset=&#8221;default&#8221; global_colors_info=&#8221;{}&#8221;][et_pb_column type=&#8221;4_4&#8243; _builder_version=&#8221;4.27.0&#8243; _module_preset=&#8221;default&#8221; global_colors_info=&#8221;{}&#8221;][et_pb_text _builder_version=&#8221;4.27.3&#8243; _module_preset=&#8221;default&#8221; hover_enabled=&#8221;0&#8243; global_colors_info=&#8221;{}&#8221; sticky_enabled=&#8221;0&#8243;]<\/p>\n<p>In einen Gesellschaftsvertrag eines Familienunternehmens kann eine Schiedsklausel in der folgenden Form aufgenommen werden:<\/p>\n<p><em>Alle Streitigkeiten oder Anspr\u00fcche, die sich aus oder im Zusammenhang mit diesem Vertrag ergeben, einschlie\u00dflich Streitigkeiten \u00fcber dessen G\u00fcltigkeit, Verletzung, Aufl\u00f6sung oder Nichtigkeit, werden nach der Schiedsordnung (Wiener Regeln) der Internationalen Schiedsinstitution der Wirtschaftskammer \u00d6sterreich (VIAC) von einem Einzelschiedsrichter endg\u00fcltig entschieden.<\/em><\/p>\n<p><em>Der Sitz des Schiedsgerichts ist [\u2026].<\/em><\/p>\n<p><em>Die Sprache des Schiedsverfahrens ist [\u2026]. Das auf das Vertragsverh\u00e4ltnis anwendbare materielle Recht, sowie das auf die Schiedsvereinbarung anwendbare Recht ist das Recht der Republik \u00d6sterreich unter Ausschluss der Kollisionsnormen.<\/em><\/p>\n<p><em>Der Schiedsklage ist eine aktuelle Gesellschafterliste beizulegen, die Name und Zustelladresse aller Gesellschafter zu enthalten hat.<\/em><\/p>\n<p><span style=\"color: #c10525;\">Folgende m\u00f6gliche erg\u00e4nzende Vereinbarungen k\u00f6nnen getroffen werden:<\/span><br \/>\n<span style=\"color: #c10525;\">(1)<\/span> Das Schiedsgericht hat den Bestand des Unternehmens vorrangig zu ber\u00fccksichtigen;<\/p>\n<p><span style=\"color: #c10525;\">(2)<\/span> Ausgestaltung der Vertraulichkeitsbestimmung f\u00fcr Schiedsrichter (Art 16 Abs 2 Wiener Regeln) sowie deren Ausdehnung auf Parteien, Bevollm\u00e4chtigte und Sachverst\u00e4ndige.<\/p>\n<p>[\/et_pb_text][\/et_pb_column][\/et_pb_row][\/et_pb_section]<\/p>\n","protected":false},"excerpt":{"rendered":"<p>Musterklausel f\u00fcr Familienunternehmen In einen Gesellschaftsvertrag eines Familienunternehmens kann eine Schiedsklausel in der folgenden Form aufgenommen werden: Alle Streitigkeiten oder Anspr\u00fcche, die sich aus oder im Zusammenhang mit diesem Vertrag ergeben, einschlie\u00dflich Streitigkeiten \u00fcber dessen G\u00fcltigkeit, Verletzung, Aufl\u00f6sung oder Nichtigkeit, werden nach der Schiedsordnung (Wiener Regeln) der Internationalen Schiedsinstitution der Wirtschaftskammer \u00d6sterreich (VIAC) von einem Einzelschiedsrichter endg\u00fcltig entschieden. Der Sitz des Schiedsgerichts ist [\u2026]. Die Sprache des Schiedsverfahrens ist [\u2026]. Das auf das Vertragsverh\u00e4ltnis anwendbare materielle Recht, sowie das auf die Schiedsvereinbarung anwendbare Recht ist das Recht der Republik \u00d6sterreich unter Ausschluss der Kollisionsnormen. Der Schiedsklage ist eine aktuelle Gesellschafterliste beizulegen, die Name und Zustelladresse aller Gesellschafter zu enthalten hat. Folgende m\u00f6gliche erg\u00e4nzende Vereinbarungen k\u00f6nnen getroffen werden: (1) Das Schiedsgericht hat den Bestand des Unternehmens vorrangig zu ber\u00fccksichtigen; (2) Ausgestaltung der Vertraulichkeitsbestimmung f\u00fcr Schiedsrichter (Art 16 Abs 2 Wiener Regeln) sowie deren Ausdehnung auf Parteien, Bevollm\u00e4chtigte und Sachverst\u00e4ndige.<\/p>\n","protected":false},"author":1,"featured_media":0,"parent":1042,"menu_order":0,"comment_status":"closed","ping_status":"closed","template":"","meta":{"_acf_changed":false,"_et_pb_use_builder":"on","_et_pb_old_content":"[et_pb_section fb_built=\"1\" _builder_version=\"4.27.0\" _module_preset=\"default\" background_enable_color=\"off\" use_background_color_gradient=\"on\" background_color_gradient_direction=\"90deg\" background_color_gradient_stops=\"#ffffff 0%|#ffffff 17%|rgba(112,112,112,0.3) 17%|rgba(112,112,112,0.3) 100%\" background_color_gradient_overlays_image=\"on\" background_image=\"https:\/\/www.viac.eu\/wp-content\/uploads\/2024\/08\/AdobeStock_180711262-scaled.jpeg\" background_position=\"top_left\" background_horizontal_offset=\"0%\" background_vertical_offset=\"67%\" custom_padding=\"||174px||false|false\" global_colors_info=\"{}\"][et_pb_row _builder_version=\"4.27.0\" _module_preset=\"default\" background_color=\"#ffffff\" max_width=\"45%\" custom_margin=\"215px|auto||0px|false|false\" custom_padding=\"|100px||100px|false|true\" global_colors_info=\"{}\"][et_pb_column type=\"4_4\" _builder_version=\"4.24.3\" _module_preset=\"default\" global_colors_info=\"{}\"][et_pb_text _builder_version=\"4.27.3\" _module_preset=\"default\" text_text_color=\"#0B0B0B\" header_font=\"|700|||||||\" header_text_align=\"left\" header_text_color=\"#0B0B0B\" global_colors_info=\"{}\"]\n<h1>Musterklausel f\u00fcr Familienunternehmen<\/h1>\n[\/et_pb_text][\/et_pb_column][\/et_pb_row][\/et_pb_section][et_pb_section fb_built=\"1\" _builder_version=\"4.27.0\" _module_preset=\"default\" global_colors_info=\"{}\"][et_pb_row _builder_version=\"4.27.0\" _module_preset=\"default\" global_colors_info=\"{}\"][et_pb_column type=\"4_4\" _builder_version=\"4.27.0\" _module_preset=\"default\" global_colors_info=\"{}\"][et_pb_text _builder_version=\"4.27.3\" _module_preset=\"default\" hover_enabled=\"0\" global_colors_info=\"{}\" sticky_enabled=\"0\"]\n\nIn einen Gesellschaftsvertrag eines Familienunternehmens kann eine Schiedsklausel in der folgenden Form aufgenommen werden:\n\n<em>Alle Streitigkeiten oder Anspr\u00fcche, die sich aus oder im Zusammenhang mit diesem Vertrag ergeben, einschlie\u00dflich Streitigkeiten \u00fcber dessen G\u00fcltigkeit, Verletzung, Aufl\u00f6sung oder Nichtigkeit, werden nach der Schiedsordnung (Wiener Regeln) der Internationalen Schiedsinstitution der Wirtschaftskammer \u00d6sterreich (VIAC) von einem Einzelschiedsrichter endg\u00fcltig entschieden.<\/em>\n\n<em>Der Sitz des Schiedsgerichts ist [\u2026].<\/em>\n\n<em>Die Sprache des Schiedsverfahrens ist [\u2026]. Das auf das Vertragsverh\u00e4ltnis anwendbare materielle Recht, sowie das auf die Schiedsvereinbarung anwendbare Recht ist das Recht der Republik \u00d6sterreich unter Ausschluss der Kollisionsnormen.<\/em>\n\n<em>Der Schiedsklage ist eine aktuelle Gesellschafterliste beizulegen, die Name und Zustelladresse aller Gesellschafter zu enthalten hat.<\/em>\n\n<span style=\"color: #c10525;\">Folgende m\u00f6gliche erg\u00e4nzende Vereinbarungen k\u00f6nnen getroffen werden:<\/span>\n<span style=\"color: #c10525;\">(1)<\/span> Das Schiedsgericht hat den Bestand des Unternehmens vorrangig zu ber\u00fccksichtigen;\n\n<span style=\"color: #c10525;\">(2)<\/span> Ausgestaltung der Vertraulichkeitsbestimmung f\u00fcr Schiedsrichter (Art 16 Abs 2 Wiener Regeln) sowie deren Ausdehnung auf Parteien, Bevollm\u00e4chtigte und Sachverst\u00e4ndige.\n\n[\/et_pb_text][\/et_pb_column][\/et_pb_row][\/et_pb_section]","_et_gb_content_width":"","ngg_post_thumbnail":0,"footnotes":""},"class_list":["post-4627","page","type-page","status-publish","hentry"],"acf":[],"_links":{"self":[{"href":"https:\/\/www.viac.eu\/en\/wp-json\/wp\/v2\/pages\/4627","targetHints":{"allow":["GET"]}}],"collection":[{"href":"https:\/\/www.viac.eu\/en\/wp-json\/wp\/v2\/pages"}],"about":[{"href":"https:\/\/www.viac.eu\/en\/wp-json\/wp\/v2\/types\/page"}],"author":[{"embeddable":true,"href":"https:\/\/www.viac.eu\/en\/wp-json\/wp\/v2\/users\/1"}],"replies":[{"embeddable":true,"href":"https:\/\/www.viac.eu\/en\/wp-json\/wp\/v2\/comments?post=4627"}],"version-history":[{"count":4,"href":"https:\/\/www.viac.eu\/en\/wp-json\/wp\/v2\/pages\/4627\/revisions"}],"predecessor-version":[{"id":4631,"href":"https:\/\/www.viac.eu\/en\/wp-json\/wp\/v2\/pages\/4627\/revisions\/4631"}],"up":[{"embeddable":true,"href":"https:\/\/www.viac.eu\/en\/wp-json\/wp\/v2\/pages\/1042"}],"wp:attachment":[{"href":"https:\/\/www.viac.eu\/en\/wp-json\/wp\/v2\/media?parent=4627"}],"curies":[{"name":"wp","href":"https:\/\/api.w.org\/{rel}","templated":true}]}}